{"id":80,"date":"2025-07-31T20:24:06","date_gmt":"2025-07-31T20:24:06","guid":{"rendered":"https:\/\/micromacroart.com\/micro\/?page_id=80"},"modified":"2025-11-06T16:17:46","modified_gmt":"2025-11-06T14:17:46","slug":"bacterioasthetik","status":"publish","type":"page","link":"https:\/\/micromacroart.com\/micro\/bacterioasthetik\/","title":{"rendered":"Bacterio\u00e4sthetik"},"content":{"rendered":"<p>[et_pb_section fb_built=&#8220;1&#8243; admin_label=&#8220;Header&#8220; _builder_version=&#8220;4.21.2&#8243; _module_preset=&#8220;default&#8220; custom_padding=&#8220;||||false|false&#8220; collapsed=&#8220;on&#8220; global_colors_info=&#8220;{}&#8220;][et_pb_row _builder_version=&#8220;4.21.2&#8243; _module_preset=&#8220;default&#8220; custom_margin=&#8220;0px||0px||false|false&#8220; custom_padding=&#8220;0px||0px||false|false&#8220; global_colors_info=&#8220;{}&#8220;][et_pb_column type=&#8220;4_4&#8243; _builder_version=&#8220;4.20.0&#8243; _module_preset=&#8220;default&#8220; global_colors_info=&#8220;{}&#8220;][et_pb_text _builder_version=&#8220;4.21.2&#8243; _module_preset=&#8220;305128c6-9813-4b79-b7b9-7139d3703b88&#8243; text_orientation=&#8220;center&#8220; global_colors_info=&#8220;{}&#8220;]<\/p>\n<h1>Bacterio\u00c4sthetik<\/h1>\n<p>[\/et_pb_text][\/et_pb_column][\/et_pb_row][et_pb_row _builder_version=&#8220;4.21.2&#8243; _module_preset=&#8220;default&#8220; width_tablet=&#8220;&#8220; width_phone=&#8220;100%&#8220; width_last_edited=&#8220;on|phone&#8220; max_width_tablet=&#8220;&#8220; max_width_phone=&#8220;2560%&#8220; max_width_last_edited=&#8220;on|phone&#8220; module_alignment=&#8220;center&#8220; global_colors_info=&#8220;{}&#8220;][et_pb_column type=&#8220;4_4&#8243; _builder_version=&#8220;4.21.2&#8243; _module_preset=&#8220;default&#8220; global_colors_info=&#8220;{}&#8220;][et_pb_text _builder_version=&#8220;4.21.2&#8243; _module_preset=&#8220;default&#8220; text_orientation=&#8220;center&#8220; width=&#8220;75%&#8220; width_tablet=&#8220;75%&#8220; width_phone=&#8220;100%&#8220; width_last_edited=&#8220;on|phone&#8220; max_width_tablet=&#8220;&#8220; max_width_phone=&#8220;100%&#8220; max_width_last_edited=&#8220;on|phone&#8220; module_alignment=&#8220;center&#8220; global_colors_info=&#8220;{}&#8220;]<\/p>\n<div id=\"shopify-section-template--21072315679023__9b2e08ef-5882-4398-be43-d6b769bba802\" class=\"shopify-section shopify-section--rich-text\">\n<section class=\"section \">\n<div>\n<div class=\"section__color-wrapper \">\n<div class=\"container \">\n<div class=\"content-box content-box--medium content-box--text-center content-box--center text-container\">\n<p style=\"text-align: center;\"><span>Bacterio\u00e4sthetik ist eine Wortsch\u00f6pfung von mir, sie stammt aus dem Jahre 2010. Bakterien und Hefen sind sch\u00f6n. Manche sind sogar stilvoll sch\u00f6n und noch dazu poetisch veranlagt. Diese Talente sind aber sehr rar und stellen somit nur einen sehr kleinen Teil des Mikrokosmos dar. Das Auffinden ausreichender Kandidaten erstreckte sich \u00fcber Jahre hindurch. Dass diese au\u00dfergew\u00f6hnlichen F\u00e4higkeiten nicht im (unsichtbaren) Mikrokosmos gefangen bleiben m\u00fcssen, ist meinen \u201eB\u00fchnen\u201c zu verdanken. Auf diesen speziellen Medien, deren Entwicklung sehr viel Zeit in Anspruch nahm, kann sich diese unsichtbare Welt nun sichtbar in Szene setzen\u2026<\/span><\/p>\n<\/div>\n<\/div>\n<\/div>\n<\/div>\n<\/section>\n<\/div>\n<div id=\"shopify-section-template--21072315679023__f88e1aec-69ff-4dba-9fa3-3244c55e3fd3\" class=\"shopify-section shopify-section--image-with-text\">\n<section class=\"section \">\n<div style=\"text-align: center;\"><\/div>\n<\/section>\n<\/div>\n<p>[\/et_pb_text][\/et_pb_column][\/et_pb_row][\/et_pb_section][et_pb_section fb_built=&#8220;1&#8243; _builder_version=&#8220;4.21.2&#8243; _module_preset=&#8220;default&#8220; global_colors_info=&#8220;{}&#8220;][et_pb_row column_structure=&#8220;1_2,1_2&#8243; _builder_version=&#8220;4.21.2&#8243; _module_preset=&#8220;default&#8220; global_colors_info=&#8220;{}&#8220;][et_pb_column type=&#8220;1_2&#8243; _builder_version=&#8220;4.21.2&#8243; _module_preset=&#8220;default&#8220; global_colors_info=&#8220;{}&#8220;][et_pb_image src=&#8220;https:\/\/micromacroart.com\/micro\/wp-content\/uploads\/2025\/08\/1_Bacterioasthetik_84_2162-topaz-denoise-sharpen-Kopie-2.jpg&#8220; title_text=&#8220;1_Bacterio\u00e4sthetik_84_2162-topaz-denoise-sharpen Kopie 2&#8243; _builder_version=&#8220;4.21.2&#8243; _module_preset=&#8220;default&#8220; global_colors_info=&#8220;{}&#8220;][\/et_pb_image][\/et_pb_column][et_pb_column type=&#8220;1_2&#8243; _builder_version=&#8220;4.21.2&#8243; _module_preset=&#8220;default&#8220; global_colors_info=&#8220;{}&#8220;][et_pb_text _builder_version=&#8220;4.21.2&#8243; _module_preset=&#8220;default&#8220; header_2_line_height=&#8220;1.4em&#8220; global_colors_info=&#8220;{}&#8220; text_font_size__hover_enabled=&#8220;off|desktop&#8220;]<\/p>\n<h2 class=\"heading h3\">Entstehung<\/h2>\n<p>[\/et_pb_text][et_pb_text _builder_version=&#8220;4.21.2&#8243; _module_preset=&#8220;default&#8220; global_colors_info=&#8220;{}&#8220;]<\/p>\n<p>Es entsteht aus einer minimalen Vorgabe auf einem entsprechenden Medium (B\u00fchne) eine komplexe Struktur.<\/p>\n<p>Die Natur ist die wohl fantasiereichste K\u00fcnstlerin. In ihrer Welt k\u00f6nnen wir den Reichtum und die F\u00fclle an Formen und Farben bewundern. Sie vermittelt einen wundervoll \u00e4sthetischen Gesamteindruck. Das trifft sowohl auf die belebte Natur wie Flora und Fauna, als auch auf die unbelebte Natur zu, denken wir an Gesteine und Mineralien. Der Mikrokosmos stellt die unsichtbare Welt dar. Eine unsichtbare Welt und noch dazu eine \u00e4sthetische?<\/p>\n<p>Durch Vermehrung wird die unsichtbare Welt des Mikrokosmos sichtbar. In der Natur kann man das z.B. als Verf\u00e4rbung von Gew\u00e4ssern erleben. Die Vermehrung auf k\u00fcnstlichen N\u00e4hrb\u00f6den f\u00fchrt zur Koloniebildung, jedoch niemals zu Kunstwerken. Die k\u00fcnstlerischen Talente der Bakterien entdeckte ich zuf\u00e4llig. Dem Zufall verdanke ich viele meiner Entdeckungen. Die k\u00fcnstlerisch begabten Mikroorganismen sind allerdings sehr rar. Auf einem ad\u00e4quaten Medium aufgebracht, k\u00f6nnen sie ihre innewohnenden F\u00e4higkeiten ausleben. Diese Medien erm\u00f6glichen der bis jetzt noch unsichtbaren Welt sich in eine sichtbare zu wandeln.<\/p>\n<p>Das Medium hat die Funktion eines Ortes f\u00fcr szenische Darstellungen und wird von mir daher als B\u00fchne bezeichnet. Ohne diese B\u00fchne blieben die k\u00fcnstlerischen Talente des Mikrokosmos f\u00fcr alle Zeiten in seinen Zellen gefangen. Die Entwicklung solcher B\u00fchnen, die von Organismus zu Organismus variieren, ist in erster Linie eine wissenschaftliche Herausforderung. Das Ergebnis der B\u00fchnenentwicklung spricht f\u00fcr sich; noch nie dagewesene Kunstwerke erfreuen und sorgen f\u00fcr ehrf\u00fcrchtiges Staunen.<\/p>\n<p>[\/et_pb_text][\/et_pb_column][\/et_pb_row][\/et_pb_section][et_pb_section fb_built=&#8220;1&#8243; admin_label=&#8220;Header&#8220; _builder_version=&#8220;4.21.2&#8243; _module_preset=&#8220;default&#8220; custom_padding=&#8220;||||false|false&#8220; collapsed=&#8220;on&#8220; global_colors_info=&#8220;{}&#8220;][et_pb_row _builder_version=&#8220;4.21.2&#8243; _module_preset=&#8220;default&#8220; custom_margin=&#8220;0px||0px||false|false&#8220; custom_padding=&#8220;0px||0px||false|false&#8220; global_colors_info=&#8220;{}&#8220;][et_pb_column type=&#8220;4_4&#8243; _builder_version=&#8220;4.20.0&#8243; _module_preset=&#8220;default&#8220; global_colors_info=&#8220;{}&#8220;][et_pb_text _builder_version=&#8220;4.21.2&#8243; _module_preset=&#8220;305128c6-9813-4b79-b7b9-7139d3703b88&#8243; text_orientation=&#8220;center&#8220; global_colors_info=&#8220;{}&#8220;]<\/p>\n<h1><\/h1>\n<h1 class=\"heading h2\">Die Werke<\/h1>\n<h3 class=\"heading h2\"><\/h3>\n<p>[\/et_pb_text][\/et_pb_column][\/et_pb_row][et_pb_row _builder_version=&#8220;4.21.2&#8243; _module_preset=&#8220;default&#8220; width_tablet=&#8220;&#8220; width_phone=&#8220;100%&#8220; width_last_edited=&#8220;on|phone&#8220; max_width_tablet=&#8220;&#8220; max_width_phone=&#8220;2560%&#8220; max_width_last_edited=&#8220;on|phone&#8220; custom_margin=&#8220;0px|auto|63px|auto|false|false&#8220; custom_padding=&#8220;0px||0px||false|false&#8220; global_colors_info=&#8220;{}&#8220;][et_pb_column type=&#8220;4_4&#8243; _builder_version=&#8220;4.21.2&#8243; _module_preset=&#8220;default&#8220; custom_padding=&#8220;0px||||false|false&#8220; global_colors_info=&#8220;{}&#8220;][et_pb_text _builder_version=&#8220;4.21.2&#8243; _module_preset=&#8220;default&#8220; text_orientation=&#8220;center&#8220; width=&#8220;75%&#8220; width_tablet=&#8220;75%&#8220; width_phone=&#8220;100%&#8220; width_last_edited=&#8220;on|phone&#8220; max_width_tablet=&#8220;&#8220; max_width_phone=&#8220;100%&#8220; max_width_last_edited=&#8220;on|phone&#8220; module_alignment=&#8220;center&#8220; custom_margin=&#8220;-80px||||false|false&#8220; custom_padding=&#8220;0px||||false|false&#8220; global_colors_info=&#8220;{}&#8220;]<\/p>\n<div id=\"shopify-section-template--21072315679023__9b2e08ef-5882-4398-be43-d6b769bba802\" class=\"shopify-section shopify-section--rich-text\">\n<section class=\"section \">\n<div>\n<div class=\"section__color-wrapper \">\n<div class=\"container \">\n<div class=\"content-box content-box--medium content-box--text-center content-box--center text-container\">\n<div id=\"shopify-section-template--21073055416623__3e1af2d5-8cd2-41b7-9024-749e0c151b6d\" class=\"shopify-section shopify-section--rich-text\">\n<section class=\"section \">\n<div>\n<div class=\"section__color-wrapper \">\n<div class=\"container \">\n<div class=\"content-box content-box--medium content-box--text-center content-box--center text-container\">\n<p style=\"text-align: center;\">Alle Werke der Bacterio\u00e4sthetik werden naturgetreu fotografiert. Das bedeutet, dass durch Bearbeitung weder etwas hinzugef\u00fcgt noch etwas entfernt wird. Auch farblich erfolgt keine Ver\u00e4nderung. Es soll sich um ein unverf\u00e4lschtes Werk der Sch\u00f6pfung handeln. Das trifft auch auf den Hintergrund der Bilder zu, der stets real ist. Interferenz und Pigmente des Mikrokosmos k\u00f6nnen f\u00fcr ein erweitertes Farbspektrum sorgen.<\/p>\n<p style=\"text-align: center;\">Werke dieser Kunstrichtung werden als streng limitierte Pigmentkunstdrucke angeboten.<\/p>\n<\/div>\n<\/div>\n<\/div>\n<\/div>\n<\/section>\n<\/div>\n<\/div>\n<\/div>\n<\/div>\n<\/div>\n<\/section>\n<\/div>\n<p>[\/et_pb_text][\/et_pb_column][\/et_pb_row][et_pb_row _builder_version=&#8220;4.21.2&#8243; _module_preset=&#8220;default&#8220; custom_margin=&#8220;0px||0px||false|false&#8220; custom_padding=&#8220;0px||0px||false|false&#8220; global_colors_info=&#8220;{}&#8220;][et_pb_column type=&#8220;4_4&#8243; _builder_version=&#8220;4.20.0&#8243; _module_preset=&#8220;default&#8220; global_colors_info=&#8220;{}&#8220;][et_pb_text _builder_version=&#8220;4.21.2&#8243; _module_preset=&#8220;305128c6-9813-4b79-b7b9-7139d3703b88&#8243; text_orientation=&#8220;center&#8220; global_colors_info=&#8220;{}&#8220;]<\/p>\n<h1 class=\"heading h2\">Kunstwerke der Bacterio\u00e4sthetik<\/h1>\n<p>[\/et_pb_text][\/et_pb_column][\/et_pb_row][\/et_pb_section][et_pb_section fb_built=&#8220;1&#8243; _builder_version=&#8220;4.21.2&#8243; _module_preset=&#8220;default&#8220; global_colors_info=&#8220;{}&#8220;][et_pb_row use_custom_gutter=&#8220;on&#8220; gutter_width=&#8220;2&#8243; _builder_version=&#8220;4.21.2&#8243; _module_preset=&#8220;default&#8220; width=&#8220;90%&#8220; max_width=&#8220;2560px&#8220; global_colors_info=&#8220;{}&#8220;][et_pb_column type=&#8220;4_4&#8243; _builder_version=&#8220;4.21.2&#8243; _module_preset=&#8220;default&#8220; global_colors_info=&#8220;{}&#8220;][et_pb_gallery gallery_ids=&#8220;714,715,716,717,718,719,720,721,722,723,724,725,726,727,728,729,730,731,732,733,734,736,737,738,740,741,742,743,744,745,746,747,748,749,750,751,752,753,755,757&#8243; posts_number=&#8220;12&#8243; orientation=&#8220;portrait&#8220; show_title_and_caption=&#8220;off&#8220; zoom_icon_color=&#8220;#000000&#8243; _builder_version=&#8220;4.27.4&#8243; _module_preset=&#8220;default&#8220; pagination_text_align=&#8220;center&#8220; pagination_text_color=&#8220;#000000&#8243; hover_enabled=&#8220;0&#8243; box_shadow_style_image=&#8220;preset1&#8243; global_colors_info=&#8220;{}&#8220; sticky_enabled=&#8220;0&#8243;][\/et_pb_gallery][\/et_pb_column][\/et_pb_row][\/et_pb_section]<\/p>\n","protected":false},"excerpt":{"rendered":"<p>Bacterio\u00c4sthetik Bacterio\u00e4sthetik ist eine Wortsch\u00f6pfung von mir, sie stammt aus dem Jahre 2010. Bakterien und Hefen sind sch\u00f6n. Manche sind sogar stilvoll sch\u00f6n und noch dazu poetisch veranlagt. Diese Talente sind aber sehr rar und stellen somit nur einen sehr kleinen Teil des Mikrokosmos dar. Das Auffinden ausreichender Kandidaten erstreckte sich \u00fcber Jahre hindurch. Dass [&hellip;]<\/p>\n","protected":false},"author":2,"featured_media":0,"parent":0,"menu_order":0,"comment_status":"closed","ping_status":"closed","template":"","meta":{"_et_pb_use_builder":"on","_et_pb_old_content":"","_et_gb_content_width":"","footnotes":""},"class_list":["post-80","page","type-page","status-publish","hentry"],"_links":{"self":[{"href":"https:\/\/micromacroart.com\/micro\/wp-json\/wp\/v2\/pages\/80","targetHints":{"allow":["GET"]}}],"collection":[{"href":"https:\/\/micromacroart.com\/micro\/wp-json\/wp\/v2\/pages"}],"about":[{"href":"https:\/\/micromacroart.com\/micro\/wp-json\/wp\/v2\/types\/page"}],"author":[{"embeddable":true,"href":"https:\/\/micromacroart.com\/micro\/wp-json\/wp\/v2\/users\/2"}],"replies":[{"embeddable":true,"href":"https:\/\/micromacroart.com\/micro\/wp-json\/wp\/v2\/comments?post=80"}],"version-history":[{"count":14,"href":"https:\/\/micromacroart.com\/micro\/wp-json\/wp\/v2\/pages\/80\/revisions"}],"predecessor-version":[{"id":781,"href":"https:\/\/micromacroart.com\/micro\/wp-json\/wp\/v2\/pages\/80\/revisions\/781"}],"wp:attachment":[{"href":"https:\/\/micromacroart.com\/micro\/wp-json\/wp\/v2\/media?parent=80"}],"curies":[{"name":"wp","href":"https:\/\/api.w.org\/{rel}","templated":true}]}}